{"id":890,"date":"2025-05-19T02:03:52","date_gmt":"2025-05-19T02:03:52","guid":{"rendered":"https:\/\/twchains.com\/?post_type=product&#038;p=890"},"modified":"2025-05-19T02:03:52","modified_gmt":"2025-05-19T02:03:52","slug":"x16mm-reinforced-29-5r25-35-65r33-quenched-diamond-chains-armor-for-cat-980-988f-loader","status":"publish","type":"product","link":"https:\/\/twchains.com\/tr\/urun\/x16mm-reinforced-29-5r25-35-65r33-quenched-diamond-chains-armor-for-cat-980-988f-loader\/","title":{"rendered":"\u00d716mm G\u00fc\u00e7lendirilmi\u015f 29.5r25 35\/65r33 CAT 980 988F Y\u00fckleyici i\u00e7in S\u00f6nd\u00fcr\u00fclm\u00fc\u015f Elmas Zincirler Z\u0131rh"},"content":{"rendered":"<p>16 halkal\u0131 Yuanbao A\u015f\u0131nmaya dayan\u0131kl\u0131 Kral Lastik Koruma Zinciri Avrupa ve G\u00fcneydo\u011fu Asya pazarlar\u0131nda \u00e7ok pop\u00fclerdir ve G\u00fcneydo\u011fu Asya \u00c7inlileri taraf\u0131ndan sevgiyle \"Nezha R\u00fczgar ve Ate\u015f Tekerle\u011fi\" lastik koruma zinciri olarak adland\u0131r\u0131l\u0131r.<\/p>\n<p>1TP5Y\u00fck zinciri1TP5S\u0131k\u0131\u015ft\u0131r\u0131lm\u0131\u015f zincir#akviyeli zincir<\/p>","protected":false},"excerpt":{"rendered":"<ul>\n<li>\"Nezha R\u00fczgar ve Ate\u015f \u00c7ark\u0131\" Koruma Zinciri<\/li>\n<\/ul>","protected":false},"featured_media":891,"template":"","meta":{"inline_featured_image":false,"_kad_post_transparent":"default","_kad_post_title":"","_kad_post_layout":"default","_kad_post_sidebar_id":"","_kad_post_content_style":"default","_kad_post_vertical_padding":"default","_kad_post_feature":"","_kad_post_feature_position":"","_kad_post_header":false,"_kad_post_footer":false},"product_brand":[],"product_cat":[26],"product_tag":[],"class_list":{"0":"post-890","1":"product","2":"type-product","3":"status-publish","4":"has-post-thumbnail","6":"product_cat-reinforced","8":"first","9":"instock","10":"shipping-taxable","11":"product-type-simple","12":"entry","13":"content-bg","14":"loop-entry"},"yoast_head":"<!-- This site is optimized with the Yoast SEO plugin v25.4 - https:\/\/yoast.com\/wordpress\/plugins\/seo\/ -->\n<title>\u00d716mm Reinforced 29.5r25 35\/65r33 Quenched Diamond Chains Armor for CAT 980 988F Loader - twchains<\/title>\n<meta name=\"robots\" content=\"index, follow, max-snippet:-1, max-image-preview:large, max-video-preview:-1\" \/>\n<link rel=\"canonical\" href=\"https:\/\/twchains.com\/tr\/urun\/x16mm-reinforced-29-5r25-35-65r33-quenched-diamond-chains-armor-for-cat-980-988f-loader\/\" \/>\n<meta property=\"og:locale\" content=\"tr_TR\" \/>\n<meta property=\"og:type\" content=\"article\" \/>\n<meta property=\"og:title\" content=\"\u00d716mm Reinforced 29.5r25 35\/65r33 Quenched Diamond Chains Armor for CAT 980 988F Loader - twchains\" \/>\n<meta property=\"og:description\" content=\"&quot;Nezha Wind and Fire Wheel&quot; Protection Chain\" \/>\n<meta property=\"og:url\" content=\"https:\/\/twchains.com\/tr\/urun\/x16mm-reinforced-29-5r25-35-65r33-quenched-diamond-chains-armor-for-cat-980-988f-loader\/\" \/>\n<meta property=\"og:site_name\" content=\"twchains\" \/>\n<meta property=\"og:image\" content=\"https:\/\/twchains.com\/wp-content\/uploads\/2025\/05\/quarry-loader-protection-chains-2025.jpg\" \/>\n\t<meta property=\"og:image:width\" content=\"800\" \/>\n\t<meta property=\"og:image:height\" content=\"533\" \/>\n\t<meta property=\"og:image:type\" content=\"image\/jpeg\" \/>\n<meta name=\"twitter:card\" content=\"summary_large_image\" \/>\n<meta name=\"twitter:label1\" content=\"Tahmini okuma s\u00fcresi\" \/>\n\t<meta name=\"twitter:data1\" content=\"1 dakika\" \/>\n<script type=\"application\/ld+json\" class=\"yoast-schema-graph\">{\"@context\":\"https:\/\/schema.org\",\"@graph\":[{\"@type\":\"WebPage\",\"@id\":\"https:\/\/twchains.com\/product\/x16mm-reinforced-29-5r25-35-65r33-quenched-diamond-chains-armor-for-cat-980-988f-loader\/\",\"url\":\"https:\/\/twchains.com\/product\/x16mm-reinforced-29-5r25-35-65r33-quenched-diamond-chains-armor-for-cat-980-988f-loader\/\",\"name\":\"\u00d716mm Reinforced 29.5r25 35\/65r33 Quenched Diamond Chains Armor for CAT 980 988F Loader - twchains\",\"isPartOf\":{\"@id\":\"https:\/\/twchains.com\/#website\"},\"primaryImageOfPage\":{\"@id\":\"https:\/\/twchains.com\/product\/x16mm-reinforced-29-5r25-35-65r33-quenched-diamond-chains-armor-for-cat-980-988f-loader\/#primaryimage\"},\"image\":{\"@id\":\"https:\/\/twchains.com\/product\/x16mm-reinforced-29-5r25-35-65r33-quenched-diamond-chains-armor-for-cat-980-988f-loader\/#primaryimage\"},\"thumbnailUrl\":\"https:\/\/twchains.com\/wp-content\/uploads\/2025\/05\/quarry-loader-protection-chains-2025.jpg\",\"datePublished\":\"2025-05-19T02:03:52+00:00\",\"breadcrumb\":{\"@id\":\"https:\/\/twchains.com\/product\/x16mm-reinforced-29-5r25-35-65r33-quenched-diamond-chains-armor-for-cat-980-988f-loader\/#breadcrumb\"},\"inLanguage\":\"tr\",\"potentialAction\":[{\"@type\":\"ReadAction\",\"target\":[\"https:\/\/twchains.com\/product\/x16mm-reinforced-29-5r25-35-65r33-quenched-diamond-chains-armor-for-cat-980-988f-loader\/\"]}]},{\"@type\":\"ImageObject\",\"inLanguage\":\"tr\",\"@id\":\"https:\/\/twchains.com\/product\/x16mm-reinforced-29-5r25-35-65r33-quenched-diamond-chains-armor-for-cat-980-988f-loader\/#primaryimage\",\"url\":\"https:\/\/twchains.com\/wp-content\/uploads\/2025\/05\/quarry-loader-protection-chains-2025.jpg\",\"contentUrl\":\"https:\/\/twchains.com\/wp-content\/uploads\/2025\/05\/quarry-loader-protection-chains-2025.jpg\",\"width\":800,\"height\":533},{\"@type\":\"BreadcrumbList\",\"@id\":\"https:\/\/twchains.com\/product\/x16mm-reinforced-29-5r25-35-65r33-quenched-diamond-chains-armor-for-cat-980-988f-loader\/#breadcrumb\",\"itemListElement\":[{\"@type\":\"ListItem\",\"position\":1,\"name\":\"Home\",\"item\":\"https:\/\/twchains.com\/\"},{\"@type\":\"ListItem\",\"position\":2,\"name\":\"Products\",\"item\":\"https:\/\/twchains.com\/products\/\"},{\"@type\":\"ListItem\",\"position\":3,\"name\":\"\u00d716mm Reinforced 29.5r25 35\/65r33 Quenched Diamond Chains Armor for CAT 980 988F Loader\"}]},{\"@type\":\"WebSite\",\"@id\":\"https:\/\/twchains.com\/#website\",\"url\":\"https:\/\/twchains.com\/\",\"name\":\"twchains\",\"description\":\"\",\"publisher\":{\"@id\":\"https:\/\/twchains.com\/#organization\"},\"potentialAction\":[{\"@type\":\"SearchAction\",\"target\":{\"@type\":\"EntryPoint\",\"urlTemplate\":\"https:\/\/twchains.com\/?s={search_term_string}\"},\"query-input\":{\"@type\":\"PropertyValueSpecification\",\"valueRequired\":true,\"valueName\":\"search_term_string\"}}],\"inLanguage\":\"tr\"},{\"@type\":\"Organization\",\"@id\":\"https:\/\/twchains.com\/#organization\",\"name\":\"twchains\",\"url\":\"https:\/\/twchains.com\/\",\"logo\":{\"@type\":\"ImageObject\",\"inLanguage\":\"tr\",\"@id\":\"https:\/\/twchains.com\/#\/schema\/logo\/image\/\",\"url\":\"https:\/\/twchains.com\/wp-content\/uploads\/2025\/04\/tongwei-logo-100.svg\",\"contentUrl\":\"https:\/\/twchains.com\/wp-content\/uploads\/2025\/04\/tongwei-logo-100.svg\",\"width\":128,\"height\":100,\"caption\":\"twchains\"},\"image\":{\"@id\":\"https:\/\/twchains.com\/#\/schema\/logo\/image\/\"}}]}<\/script>\n<!-- \/ Yoast SEO plugin. -->","yoast_head_json":{"title":"\u00d716mm Reinforced 29.5r25 35\/65r33 Quenched Diamond Chains Armor for CAT 980 988F Loader - twchains","robots":{"index":"index","follow":"follow","max-snippet":"max-snippet:-1","max-image-preview":"max-image-preview:large","max-video-preview":"max-video-preview:-1"},"canonical":"https:\/\/twchains.com\/tr\/urun\/x16mm-reinforced-29-5r25-35-65r33-quenched-diamond-chains-armor-for-cat-980-988f-loader\/","og_locale":"tr_TR","og_type":"article","og_title":"\u00d716mm Reinforced 29.5r25 35\/65r33 Quenched Diamond Chains Armor for CAT 980 988F Loader - twchains","og_description":"\"Nezha Wind and Fire Wheel\" Protection Chain","og_url":"https:\/\/twchains.com\/tr\/urun\/x16mm-reinforced-29-5r25-35-65r33-quenched-diamond-chains-armor-for-cat-980-988f-loader\/","og_site_name":"twchains","og_image":[{"width":800,"height":533,"url":"https:\/\/twchains.com\/wp-content\/uploads\/2025\/05\/quarry-loader-protection-chains-2025.jpg","type":"image\/jpeg"}],"twitter_card":"summary_large_image","twitter_misc":{"Tahmini okuma s\u00fcresi":"1 dakika"},"schema":{"@context":"https:\/\/schema.org","@graph":[{"@type":"WebPage","@id":"https:\/\/twchains.com\/product\/x16mm-reinforced-29-5r25-35-65r33-quenched-diamond-chains-armor-for-cat-980-988f-loader\/","url":"https:\/\/twchains.com\/product\/x16mm-reinforced-29-5r25-35-65r33-quenched-diamond-chains-armor-for-cat-980-988f-loader\/","name":"\u00d716mm Reinforced 29.5r25 35\/65r33 Quenched Diamond Chains Armor for CAT 980 988F Loader - twchains","isPartOf":{"@id":"https:\/\/twchains.com\/#website"},"primaryImageOfPage":{"@id":"https:\/\/twchains.com\/product\/x16mm-reinforced-29-5r25-35-65r33-quenched-diamond-chains-armor-for-cat-980-988f-loader\/#primaryimage"},"image":{"@id":"https:\/\/twchains.com\/product\/x16mm-reinforced-29-5r25-35-65r33-quenched-diamond-chains-armor-for-cat-980-988f-loader\/#primaryimage"},"thumbnailUrl":"https:\/\/twchains.com\/wp-content\/uploads\/2025\/05\/quarry-loader-protection-chains-2025.jpg","datePublished":"2025-05-19T02:03:52+00:00","breadcrumb":{"@id":"https:\/\/twchains.com\/product\/x16mm-reinforced-29-5r25-35-65r33-quenched-diamond-chains-armor-for-cat-980-988f-loader\/#breadcrumb"},"inLanguage":"tr","potentialAction":[{"@type":"ReadAction","target":["https:\/\/twchains.com\/product\/x16mm-reinforced-29-5r25-35-65r33-quenched-diamond-chains-armor-for-cat-980-988f-loader\/"]}]},{"@type":"ImageObject","inLanguage":"tr","@id":"https:\/\/twchains.com\/product\/x16mm-reinforced-29-5r25-35-65r33-quenched-diamond-chains-armor-for-cat-980-988f-loader\/#primaryimage","url":"https:\/\/twchains.com\/wp-content\/uploads\/2025\/05\/quarry-loader-protection-chains-2025.jpg","contentUrl":"https:\/\/twchains.com\/wp-content\/uploads\/2025\/05\/quarry-loader-protection-chains-2025.jpg","width":800,"height":533},{"@type":"BreadcrumbList","@id":"https:\/\/twchains.com\/product\/x16mm-reinforced-29-5r25-35-65r33-quenched-diamond-chains-armor-for-cat-980-988f-loader\/#breadcrumb","itemListElement":[{"@type":"ListItem","position":1,"name":"Home","item":"https:\/\/twchains.com\/"},{"@type":"ListItem","position":2,"name":"Products","item":"https:\/\/twchains.com\/products\/"},{"@type":"ListItem","position":3,"name":"\u00d716mm Reinforced 29.5r25 35\/65r33 Quenched Diamond Chains Armor for CAT 980 988F Loader"}]},{"@type":"WebSite","@id":"https:\/\/twchains.com\/#website","url":"https:\/\/twchains.com\/","name":"twchains","description":"","publisher":{"@id":"https:\/\/twchains.com\/#organization"},"potentialAction":[{"@type":"SearchAction","target":{"@type":"EntryPoint","urlTemplate":"https:\/\/twchains.com\/?s={search_term_string}"},"query-input":{"@type":"PropertyValueSpecification","valueRequired":true,"valueName":"search_term_string"}}],"inLanguage":"tr"},{"@type":"Organization","@id":"https:\/\/twchains.com\/#organization","name":"twchains","url":"https:\/\/twchains.com\/","logo":{"@type":"ImageObject","inLanguage":"tr","@id":"https:\/\/twchains.com\/#\/schema\/logo\/image\/","url":"https:\/\/twchains.com\/wp-content\/uploads\/2025\/04\/tongwei-logo-100.svg","contentUrl":"https:\/\/twchains.com\/wp-content\/uploads\/2025\/04\/tongwei-logo-100.svg","width":128,"height":100,"caption":"twchains"},"image":{"@id":"https:\/\/twchains.com\/#\/schema\/logo\/image\/"}}]}},"_links":{"self":[{"href":"https:\/\/twchains.com\/tr\/wp-json\/wp\/v2\/product\/890","targetHints":{"allow":["GET"]}}],"collection":[{"href":"https:\/\/twchains.com\/tr\/wp-json\/wp\/v2\/product"}],"about":[{"href":"https:\/\/twchains.com\/tr\/wp-json\/wp\/v2\/types\/product"}],"wp:featuredmedia":[{"embeddable":true,"href":"https:\/\/twchains.com\/tr\/wp-json\/wp\/v2\/media\/891"}],"wp:attachment":[{"href":"https:\/\/twchains.com\/tr\/wp-json\/wp\/v2\/media?parent=890"}],"wp:term":[{"taxonomy":"product_brand","embeddable":true,"href":"https:\/\/twchains.com\/tr\/wp-json\/wp\/v2\/product_brand?post=890"},{"taxonomy":"product_cat","embeddable":true,"href":"https:\/\/twchains.com\/tr\/wp-json\/wp\/v2\/product_cat?post=890"},{"taxonomy":"product_tag","embeddable":true,"href":"https:\/\/twchains.com\/tr\/wp-json\/wp\/v2\/product_tag?post=890"}],"curies":[{"name":"wp","href":"https:\/\/api.w.org\/{rel}","templated":true}]}}